{"id":17886,"date":"2025-12-15T20:02:39","date_gmt":"2025-12-15T19:02:39","guid":{"rendered":"https:\/\/schatzplatz.com\/?post_type=product&#038;p=17886"},"modified":"2026-03-06T17:02:26","modified_gmt":"2026-03-06T16:02:26","slug":"top-deal-schoener-damenring-mit-schmucksteinen-aus-14-kt-gold-5121012","status":"publish","type":"product","link":"https:\/\/schatzplatz.com\/en\/product\/top-deal-schoener-damenring-mit-schmucksteinen-aus-14-kt-gold-5121012\/","title":{"rendered":"%Top-DEAL% &#8211; Sch\u00f6ner Damenring mit Schmucksteinen aus 14 kt Gold [6020412]"},"content":{"rendered":"<p>%Top-DEAL%<br \/>\nSch\u00f6ner Damenring aus Gelbgold (14 kt) mit wundersch\u00f6nen Schmucksteinen.<br \/>\nSehr g\u00fcnstiges TopDEAL-Angebot: nur der reine Materialwert liegt aktuell (06.03.2026) bei 105\u20ac!<br \/>\nUnsere einzigartige Qualit\u00e4ts- und R\u00fcckkaufgarantie ist inklusive! Alle bei uns erworbene Sch\u00e4tze kaufen wir auch jederzeit zu unseren aktuellen hohen Ankaufskursen genauso unkompliziert zur\u00fcck!<br \/>\nKeine K\u00e4ufergeb\u00fchren! <\/p>\n<p>Viel Spa\u00df beim Bieten!<\/p>\n","protected":false},"excerpt":{"rendered":"<p>Sch\u00f6ner Damenring mit Schmucksteinen aus 14 kt Gold [6020412]<\/p>\n","protected":false},"featured_media":17887,"comment_status":"closed","ping_status":"closed","template":"","meta":[],"product_brand":[],"product_cat":[35],"product_tag":[],"class_list":{"0":"post-17886","1":"product","2":"type-product","3":"status-publish","4":"has-post-thumbnail","6":"product_cat-ringe","8":"first","9":"instock","10":"sold-individually","11":"taxable","12":"shipping-taxable","13":"product-type-auction"},"yoast_head":"<!-- This site is optimized with the Yoast SEO plugin v27.3 - https:\/\/yoast.com\/product\/yoast-seo-wordpress\/ -->\n<title>%Top-DEAL% - Sch\u00f6ner Damenring mit Schmucksteinen aus 14 kt Gold [6020412] - SchatzPLATZ<\/title>\n<meta name=\"robots\" content=\"index, follow, max-snippet:-1, max-image-preview:large, max-video-preview:-1\" \/>\n<link rel=\"canonical\" href=\"https:\/\/schatzplatz.com\/en\/product\/top-deal-schoener-damenring-mit-schmucksteinen-aus-14-kt-gold-5121012\/\" \/>\n<meta property=\"og:locale\" content=\"en_US\" \/>\n<meta property=\"og:type\" content=\"article\" \/>\n<meta property=\"og:title\" content=\"%Top-DEAL% - Sch\u00f6ner Damenring mit Schmucksteinen aus 14 kt Gold [6020412] - SchatzPLATZ\" \/>\n<meta property=\"og:description\" content=\"Sch\u00f6ner Damenring mit Schmucksteinen aus 14 kt Gold [6020412]\" \/>\n<meta property=\"og:url\" content=\"https:\/\/schatzplatz.com\/en\/product\/top-deal-schoener-damenring-mit-schmucksteinen-aus-14-kt-gold-5121012\/\" \/>\n<meta property=\"og:site_name\" content=\"SchatzPLATZ\" \/>\n<meta property=\"article:modified_time\" content=\"2026-03-06T16:02:26+00:00\" \/>\n<meta property=\"og:image\" content=\"https:\/\/schatzplatz.com\/wp-content\/uploads\/2025\/12\/PC111117.jpg\" \/>\n\t<meta property=\"og:image:width\" content=\"1292\" \/>\n\t<meta property=\"og:image:height\" content=\"1025\" \/>\n\t<meta property=\"og:image:type\" content=\"image\/jpeg\" \/>\n<meta name=\"twitter:card\" content=\"summary_large_image\" \/>\n<script type=\"application\/ld+json\" class=\"yoast-schema-graph\">{\"@context\":\"https:\\\/\\\/schema.org\",\"@graph\":[{\"@type\":\"WebPage\",\"@id\":\"https:\\\/\\\/schatzplatz.com\\\/en\\\/product\\\/top-deal-schoener-damenring-mit-schmucksteinen-aus-14-kt-gold-5121012\\\/\",\"url\":\"https:\\\/\\\/schatzplatz.com\\\/en\\\/product\\\/top-deal-schoener-damenring-mit-schmucksteinen-aus-14-kt-gold-5121012\\\/\",\"name\":\"%Top-DEAL% - Sch\u00f6ner Damenring mit Schmucksteinen aus 14 kt Gold [6020412] - SchatzPLATZ\",\"isPartOf\":{\"@id\":\"https:\\\/\\\/schatzplatz.com\\\/en\\\/#website\"},\"primaryImageOfPage\":{\"@id\":\"https:\\\/\\\/schatzplatz.com\\\/en\\\/product\\\/top-deal-schoener-damenring-mit-schmucksteinen-aus-14-kt-gold-5121012\\\/#primaryimage\"},\"image\":{\"@id\":\"https:\\\/\\\/schatzplatz.com\\\/en\\\/product\\\/top-deal-schoener-damenring-mit-schmucksteinen-aus-14-kt-gold-5121012\\\/#primaryimage\"},\"thumbnailUrl\":\"https:\\\/\\\/schatzplatz.com\\\/wp-content\\\/uploads\\\/2025\\\/12\\\/PC111117.jpg\",\"datePublished\":\"2025-12-15T19:02:39+00:00\",\"dateModified\":\"2026-03-06T16:02:26+00:00\",\"breadcrumb\":{\"@id\":\"https:\\\/\\\/schatzplatz.com\\\/en\\\/product\\\/top-deal-schoener-damenring-mit-schmucksteinen-aus-14-kt-gold-5121012\\\/#breadcrumb\"},\"inLanguage\":\"en-US\",\"potentialAction\":[{\"@type\":\"ReadAction\",\"target\":[\"https:\\\/\\\/schatzplatz.com\\\/en\\\/product\\\/top-deal-schoener-damenring-mit-schmucksteinen-aus-14-kt-gold-5121012\\\/\"]}]},{\"@type\":\"ImageObject\",\"inLanguage\":\"en-US\",\"@id\":\"https:\\\/\\\/schatzplatz.com\\\/en\\\/product\\\/top-deal-schoener-damenring-mit-schmucksteinen-aus-14-kt-gold-5121012\\\/#primaryimage\",\"url\":\"https:\\\/\\\/schatzplatz.com\\\/wp-content\\\/uploads\\\/2025\\\/12\\\/PC111117.jpg\",\"contentUrl\":\"https:\\\/\\\/schatzplatz.com\\\/wp-content\\\/uploads\\\/2025\\\/12\\\/PC111117.jpg\",\"width\":1292,\"height\":1025,\"caption\":\"OLYMPUS DIGITAL CAMERA\"},{\"@type\":\"BreadcrumbList\",\"@id\":\"https:\\\/\\\/schatzplatz.com\\\/en\\\/product\\\/top-deal-schoener-damenring-mit-schmucksteinen-aus-14-kt-gold-5121012\\\/#breadcrumb\",\"itemListElement\":[{\"@type\":\"ListItem\",\"position\":1,\"name\":\"Homepage\",\"item\":\"https:\\\/\\\/schatzplatz.com\\\/en\\\/\"},{\"@type\":\"ListItem\",\"position\":2,\"name\":\"Auctions\",\"item\":\"https:\\\/\\\/schatzplatz.com\\\/en\\\/auctions\\\/\"},{\"@type\":\"ListItem\",\"position\":3,\"name\":\"%Top-DEAL% &#8211; Sch\u00f6ner Damenring mit Schmucksteinen aus 14 kt Gold [6020412]\"}]},{\"@type\":\"WebSite\",\"@id\":\"https:\\\/\\\/schatzplatz.com\\\/en\\\/#website\",\"url\":\"https:\\\/\\\/schatzplatz.com\\\/en\\\/\",\"name\":\"SchatzPLATZ\",\"description\":\"Sch\u00e4tze zum HAMMER-Preis\",\"publisher\":{\"@id\":\"https:\\\/\\\/schatzplatz.com\\\/en\\\/#organization\"},\"alternateName\":\"Auktionsplattform f\u00fcr echte Sch\u00e4tze aus GOLD und SILBER\",\"potentialAction\":[{\"@type\":\"SearchAction\",\"target\":{\"@type\":\"EntryPoint\",\"urlTemplate\":\"https:\\\/\\\/schatzplatz.com\\\/en\\\/?s={search_term_string}\"},\"query-input\":{\"@type\":\"PropertyValueSpecification\",\"valueRequired\":true,\"valueName\":\"search_term_string\"}}],\"inLanguage\":\"en-US\"},{\"@type\":\"Organization\",\"@id\":\"https:\\\/\\\/schatzplatz.com\\\/en\\\/#organization\",\"name\":\"SchatzPLATZ\",\"url\":\"https:\\\/\\\/schatzplatz.com\\\/en\\\/\",\"logo\":{\"@type\":\"ImageObject\",\"inLanguage\":\"en-US\",\"@id\":\"https:\\\/\\\/schatzplatz.com\\\/en\\\/#\\\/schema\\\/logo\\\/image\\\/\",\"url\":\"https:\\\/\\\/schatzplatz.com\\\/wp-content\\\/uploads\\\/2025\\\/12\\\/Logo_szuerke_2soros_commal_lekerekitett-sarkok.jpg\",\"contentUrl\":\"https:\\\/\\\/schatzplatz.com\\\/wp-content\\\/uploads\\\/2025\\\/12\\\/Logo_szuerke_2soros_commal_lekerekitett-sarkok.jpg\",\"width\":999,\"height\":642,\"caption\":\"SchatzPLATZ\"},\"image\":{\"@id\":\"https:\\\/\\\/schatzplatz.com\\\/en\\\/#\\\/schema\\\/logo\\\/image\\\/\"}}]}<\/script>\n<!-- \/ Yoast SEO plugin. -->","yoast_head_json":{"title":"%Top-DEAL% - Sch\u00f6ner Damenring mit Schmucksteinen aus 14 kt Gold [6020412] - SchatzPLATZ","robots":{"index":"index","follow":"follow","max-snippet":"max-snippet:-1","max-image-preview":"max-image-preview:large","max-video-preview":"max-video-preview:-1"},"canonical":"https:\/\/schatzplatz.com\/en\/product\/top-deal-schoener-damenring-mit-schmucksteinen-aus-14-kt-gold-5121012\/","og_locale":"en_US","og_type":"article","og_title":"%Top-DEAL% - Sch\u00f6ner Damenring mit Schmucksteinen aus 14 kt Gold [6020412] - SchatzPLATZ","og_description":"Sch\u00f6ner Damenring mit Schmucksteinen aus 14 kt Gold [6020412]","og_url":"https:\/\/schatzplatz.com\/en\/product\/top-deal-schoener-damenring-mit-schmucksteinen-aus-14-kt-gold-5121012\/","og_site_name":"SchatzPLATZ","article_modified_time":"2026-03-06T16:02:26+00:00","og_image":[{"width":1292,"height":1025,"url":"https:\/\/schatzplatz.com\/wp-content\/uploads\/2025\/12\/PC111117.jpg","type":"image\/jpeg"}],"twitter_card":"summary_large_image","schema":{"@context":"https:\/\/schema.org","@graph":[{"@type":"WebPage","@id":"https:\/\/schatzplatz.com\/en\/product\/top-deal-schoener-damenring-mit-schmucksteinen-aus-14-kt-gold-5121012\/","url":"https:\/\/schatzplatz.com\/en\/product\/top-deal-schoener-damenring-mit-schmucksteinen-aus-14-kt-gold-5121012\/","name":"%Top-DEAL% - Sch\u00f6ner Damenring mit Schmucksteinen aus 14 kt Gold [6020412] - SchatzPLATZ","isPartOf":{"@id":"https:\/\/schatzplatz.com\/en\/#website"},"primaryImageOfPage":{"@id":"https:\/\/schatzplatz.com\/en\/product\/top-deal-schoener-damenring-mit-schmucksteinen-aus-14-kt-gold-5121012\/#primaryimage"},"image":{"@id":"https:\/\/schatzplatz.com\/en\/product\/top-deal-schoener-damenring-mit-schmucksteinen-aus-14-kt-gold-5121012\/#primaryimage"},"thumbnailUrl":"https:\/\/schatzplatz.com\/wp-content\/uploads\/2025\/12\/PC111117.jpg","datePublished":"2025-12-15T19:02:39+00:00","dateModified":"2026-03-06T16:02:26+00:00","breadcrumb":{"@id":"https:\/\/schatzplatz.com\/en\/product\/top-deal-schoener-damenring-mit-schmucksteinen-aus-14-kt-gold-5121012\/#breadcrumb"},"inLanguage":"en-US","potentialAction":[{"@type":"ReadAction","target":["https:\/\/schatzplatz.com\/en\/product\/top-deal-schoener-damenring-mit-schmucksteinen-aus-14-kt-gold-5121012\/"]}]},{"@type":"ImageObject","inLanguage":"en-US","@id":"https:\/\/schatzplatz.com\/en\/product\/top-deal-schoener-damenring-mit-schmucksteinen-aus-14-kt-gold-5121012\/#primaryimage","url":"https:\/\/schatzplatz.com\/wp-content\/uploads\/2025\/12\/PC111117.jpg","contentUrl":"https:\/\/schatzplatz.com\/wp-content\/uploads\/2025\/12\/PC111117.jpg","width":1292,"height":1025,"caption":"OLYMPUS DIGITAL CAMERA"},{"@type":"BreadcrumbList","@id":"https:\/\/schatzplatz.com\/en\/product\/top-deal-schoener-damenring-mit-schmucksteinen-aus-14-kt-gold-5121012\/#breadcrumb","itemListElement":[{"@type":"ListItem","position":1,"name":"Homepage","item":"https:\/\/schatzplatz.com\/en\/"},{"@type":"ListItem","position":2,"name":"Auctions","item":"https:\/\/schatzplatz.com\/en\/auctions\/"},{"@type":"ListItem","position":3,"name":"%Top-DEAL% &#8211; Sch\u00f6ner Damenring mit Schmucksteinen aus 14 kt Gold [6020412]"}]},{"@type":"WebSite","@id":"https:\/\/schatzplatz.com\/en\/#website","url":"https:\/\/schatzplatz.com\/en\/","name":"SchatzPLATZ","description":"Sch\u00e4tze zum HAMMER-Preis","publisher":{"@id":"https:\/\/schatzplatz.com\/en\/#organization"},"alternateName":"Auktionsplattform f\u00fcr echte Sch\u00e4tze aus GOLD und SILBER","potentialAction":[{"@type":"SearchAction","target":{"@type":"EntryPoint","urlTemplate":"https:\/\/schatzplatz.com\/en\/?s={search_term_string}"},"query-input":{"@type":"PropertyValueSpecification","valueRequired":true,"valueName":"search_term_string"}}],"inLanguage":"en-US"},{"@type":"Organization","@id":"https:\/\/schatzplatz.com\/en\/#organization","name":"SchatzPLATZ","url":"https:\/\/schatzplatz.com\/en\/","logo":{"@type":"ImageObject","inLanguage":"en-US","@id":"https:\/\/schatzplatz.com\/en\/#\/schema\/logo\/image\/","url":"https:\/\/schatzplatz.com\/wp-content\/uploads\/2025\/12\/Logo_szuerke_2soros_commal_lekerekitett-sarkok.jpg","contentUrl":"https:\/\/schatzplatz.com\/wp-content\/uploads\/2025\/12\/Logo_szuerke_2soros_commal_lekerekitett-sarkok.jpg","width":999,"height":642,"caption":"SchatzPLATZ"},"image":{"@id":"https:\/\/schatzplatz.com\/en\/#\/schema\/logo\/image\/"}}]}},"_links":{"self":[{"href":"https:\/\/schatzplatz.com\/en\/wp-json\/wp\/v2\/product\/17886","targetHints":{"allow":["GET"]}}],"collection":[{"href":"https:\/\/schatzplatz.com\/en\/wp-json\/wp\/v2\/product"}],"about":[{"href":"https:\/\/schatzplatz.com\/en\/wp-json\/wp\/v2\/types\/product"}],"replies":[{"embeddable":true,"href":"https:\/\/schatzplatz.com\/en\/wp-json\/wp\/v2\/comments?post=17886"}],"wp:featuredmedia":[{"embeddable":true,"href":"https:\/\/schatzplatz.com\/en\/wp-json\/wp\/v2\/media\/17887"}],"wp:attachment":[{"href":"https:\/\/schatzplatz.com\/en\/wp-json\/wp\/v2\/media?parent=17886"}],"wp:term":[{"taxonomy":"product_brand","embeddable":true,"href":"https:\/\/schatzplatz.com\/en\/wp-json\/wp\/v2\/product_brand?post=17886"},{"taxonomy":"product_cat","embeddable":true,"href":"https:\/\/schatzplatz.com\/en\/wp-json\/wp\/v2\/product_cat?post=17886"},{"taxonomy":"product_tag","embeddable":true,"href":"https:\/\/schatzplatz.com\/en\/wp-json\/wp\/v2\/product_tag?post=17886"}],"curies":[{"name":"wp","href":"https:\/\/api.w.org\/{rel}","templated":true}]}}